{"id":2916,"date":"2021-03-19T15:21:22","date_gmt":"2021-03-19T15:21:22","guid":{"rendered":"https:\/\/746.2c9.myftpupload.com\/programme-pad\/"},"modified":"2021-04-07T08:45:50","modified_gmt":"2021-04-07T13:45:50","slug":"programme-pad","status":"publish","type":"page","link":"https:\/\/walterk.ca\/fr\/programme-pad\/","title":{"rendered":"Programme PAD"},"content":{"rendered":"<p>[vc_row][vc_column width=\u00a0\u00bb1\/4&Prime;]<div class=\"eut-element eut-box-icon eut-align-center eut-large\" style=\"\"><a href=\"http:\/\/www.habitation.gouv.qc.ca\/programme\/programme\/programme_dadaptation_de_domicile.html\" target=\"_blank\"><div class=\"eut-image-icon\"><img loading=\"lazy\" decoding=\"async\" width=\"1\" height=\"1\" src=\"https:\/\/walterk.ca\/wp-content\/uploads\/2021\/03\/logo_PAD_530x600_fr.svg\" class=\"attachment-full size-full\" alt=\"\" \/><\/div><\/a>  <div class=\"eut-box-content\">  <\/div><\/div>[\/vc_column][vc_column width=\u00a0\u00bb1\/4&Prime;]<div class=\"eut-element eut-box-icon eut-align-center eut-large\" style=\"\"><a href=\"https:\/\/montreal.ca\/en\/\" target=\"_blank\"><div class=\"eut-image-icon\"><img loading=\"lazy\" decoding=\"async\" width=\"2500\" height=\"2500\" src=\"https:\/\/walterk.ca\/wp-content\/uploads\/2021\/03\/ville-de-montreal.svg\" class=\"attachment-full size-full\" alt=\"\" \/><\/div><\/a>  <div class=\"eut-box-content\">  <\/div><\/div>[\/vc_column][vc_column width=\u00a0\u00bb1\/4&Prime;][vc_empty_space]<div class=\"eut-element eut-box-icon eut-align-center eut-small\" style=\"\"><a href=\"http:\/\/www.habitation.gouv.qc.ca\/\" target=\"_blank\"><div class=\"eut-image-icon\"><img loading=\"lazy\" decoding=\"async\" width=\"1\" height=\"1\" src=\"https:\/\/walterk.ca\/wp-content\/uploads\/2021\/03\/logo_societe-habitation-quebec_500x146.svg\" class=\"attachment-full size-full\" alt=\"Logo SHQ\" \/><\/div><\/a>  <div class=\"eut-box-content\">  <\/div><\/div>[\/vc_column][vc_column width=\u00a0\u00bb1\/4&Prime;]<div class=\"eut-element eut-box-icon eut-align-center eut-large\" style=\"\"><a href=\"https:\/\/www.cmhc-schl.gc.ca\/fr\/\" target=\"_blank\"><div class=\"eut-image-icon\"><img loading=\"lazy\" decoding=\"async\" width=\"2000\" height=\"1676\" src=\"https:\/\/walterk.ca\/wp-content\/uploads\/2021\/03\/901_CHMC.jpg\" class=\"attachment-full size-full\" alt=\"\" srcset=\"https:\/\/walterk.ca\/wp-content\/uploads\/2021\/03\/901_CHMC.jpg 2000w, https:\/\/walterk.ca\/wp-content\/uploads\/2021\/03\/901_CHMC-300x251.jpg 300w, https:\/\/walterk.ca\/wp-content\/uploads\/2021\/03\/901_CHMC-1024x858.jpg 1024w, https:\/\/walterk.ca\/wp-content\/uploads\/2021\/03\/901_CHMC-768x644.jpg 768w, https:\/\/walterk.ca\/wp-content\/uploads\/2021\/03\/901_CHMC-1536x1287.jpg 1536w, https:\/\/walterk.ca\/wp-content\/uploads\/2021\/03\/901_CHMC-1920x1609.jpg 1920w\" sizes=\"auto, (max-width: 2000px) 100vw, 2000px\" \/><\/div><\/a>  <div class=\"eut-box-content\">  <\/div><\/div>[\/vc_column][\/vc_row][vc_row][vc_column][vc_column_text animation=\u00a0\u00bbfadeInRight\u00a0\u00bb]Le programme PAD offre une subvention de la ville de Montr\u00e9al aux personnes handicap\u00e9es \u00e0 mobilit\u00e9 r\u00e9duite, souffrant de maladies telles que la scl\u00e9rose en plaques, les accidents vasculaires c\u00e9r\u00e9braux et l&rsquo;amputation de la jambe \/ du bras.<\/p>\n<p>Une fois le dossier approuv\u00e9, la ville offre une subvention pour des projets tels que la r\u00e9novation de la cuisine et de la salle de bain, ainsi que l&rsquo;installation d&rsquo;un ascenseur vertical ou d&rsquo;un t\u00e9l\u00e9si\u00e8ge d&rsquo;escalier, \u00e0 condition que le client s\u00e9lectionne un entrepreneur dans la liste pr\u00e9-approuv\u00e9e de la ville. .<\/p>\n<h3><strong>Qui peut postuler?<\/strong><\/h3>\n<p><a href=\"http:\/\/legisquebec.gouv.qc.ca\/en\/ShowDoc\/cs\/E-20.1\" target=\"_blank\" rel=\"noreferrer noopener\">Personnes handicap\u00e9es<\/a> , tel que d\u00e9fini dans le<em> Loi visant \u00e0 garantir aux personnes handicap\u00e9es l&rsquo;exercice de leurs droits en vue de leur int\u00e9gration sociale, scolaire et professionnelle<\/em> (RLRQ, chapitre E-20.1) peuvent faire une demande d&rsquo;am\u00e9nagement du domicile qu&rsquo;ils soient propri\u00e9taires ou locataires. Par \u00abdomicile\u00bb, on entend la r\u00e9sidence principale d&rsquo;une personne.<\/p>\n<p>Pour \u00eatre \u00e9ligible \u00e0 une subvention, les adaptations doivent \u00eatre:<\/p>\n<ul style=\"margin-top: -20px;\">\n<li>N\u00e9cessaire pour compenser le handicap de la personne \u00e0 domicile<\/li>\n<li>Recommand\u00e9 par un ergoth\u00e9rapeute<\/li>\n<\/ul>\n<h3 style=\"padding-top: 60px;\"><strong>Montant de la subvention et travaux d&rsquo;adaptation, \u00e9quipements et honoraires \u00e9ligibles<\/strong><\/h3>\n<p>La subvention couvre les travaux d&rsquo;adaptation, l&rsquo;\u00e9quipement et les frais admissibles pour r\u00e9pondre aux besoins d&rsquo;adaptation jusqu&rsquo;\u00e0 35 000 $ par logement.<br \/>\nLa subvention est augment\u00e9e \u00e0 45 000 $ si le b\u00e2timent est un<a href=\"https:\/\/ciusssmcq.ca\/soins-et-services\/soins-et-services-offerts\/hebergement\/hebergement-ressource-de-type-familial-rtf\/\" target=\"_blank\" rel=\"noreferrer noopener\"> ressource de type familial<\/a> (en fran\u00e7ais) ou<a href=\"https:\/\/www.msss.gouv.qc.ca\/reseau\/partenaires-du-systeme\/residences-privees-pour-aines\/\" target=\"_blank\" rel=\"noreferrer noopener\"> une r\u00e9sidence priv\u00e9e pour a\u00een\u00e9s<\/a> (en fran\u00e7ais) pour neuf personnes ou plus.<\/p>\n<h4><strong>Le travail d&rsquo;adaptation doit impliquer:<\/strong><\/h4>\n<ul>\n<li>Am\u00e9liorer l&rsquo;acc\u00e8s ext\u00e9rieur \u00e0 l&rsquo;habitation ou au b\u00e2timent en installant une main courante, une rampe d&rsquo;acc\u00e8s ou une plate-forme \u00e9l\u00e9vatrice<\/li>\n<li>Installer une douche accessible aux personnes \u00e0 mobilit\u00e9 r\u00e9duite<\/li>\n<li>Adapter la salle de bain<\/li>\n<li>Adapter la cuisine<\/li>\n<li>Am\u00e9liorer la circulation dans la maison et adapter les espaces de vie tels que le salon, la chambre ou le bureau (d\u00e9placement des prises et interrupteurs, \u00e9largissement des cadres de porte, etc.)<\/li>\n<\/ul>\n<h4 style=\"padding-top: 40px;\"><strong>\u00c9quipement \u00e9ligible<\/strong><\/h4>\n<ul>\n<li>Plateformes \u00e9l\u00e9vatrices<\/li>\n<li>Ascenseurs a\u00e9riens<\/li>\n<li>Monte-escaliers<\/li>\n<li>Ouvre-porte de garage automatique<\/li>\n<li>Mat\u00e9riel de communication (interphones, sonnettes clignotantes, etc.)<\/li>\n<\/ul>\n<h4 style=\"padding-top: 40px;\"><strong>Certains frais sont \u00e9galement \u00e9ligibles:<\/strong><\/h4>\n<ul>\n<li>Rapports d&rsquo;ergoth\u00e9rapeutes du secteur priv\u00e9<\/li>\n<li>Une partie des frais de permis de construction \/ r\u00e9novation pour les am\u00e9nagements r\u00e9sidentiels<\/li>\n<li>Frais d&rsquo;occupation du domaine public pendant l&rsquo;ex\u00e9cution des travaux d&rsquo;adaptation<\/li>\n<li>Frais de permis d&rsquo;abattage d&rsquo;arbres si les arbres doivent \u00eatre abattus dans le cadre des travaux d&rsquo;adaptation<\/li>\n<li>Une partie des frais de technicien en architecture ou en architecture li\u00e9e \u00e0 votre adaptation domiciliaire, si n\u00e9cessaire pour que le permis soit d\u00e9livr\u00e9<\/li>\n<li>Une partie des frais d&rsquo;ing\u00e9nierie li\u00e9s \u00e0 l&rsquo;adaptation de votre maison, si n\u00e9cessaire pour que le permis soit d\u00e9livr\u00e9<\/li>\n<li>Certificat de localisation, si requis en vertu de la l\u00e9gislation de l&rsquo;arrondissement pour que le permis soit d\u00e9livr\u00e9<\/li>\n<\/ul>\n<p style=\"padding-top: 40px;\">Pour plus d&rsquo;informations sur le programme PAD <a href=\"http:\/\/ville.montreal.qc.ca\/portal\/page?_pageid=9437,116689596&amp;_dad=portal&amp;_schema=PORTAL\">cliquez ici<\/a><\/p>\n<p>[\/vc_column_text][\/vc_column][\/vc_row]<\/p>\n","protected":false},"excerpt":{"rendered":"<p>[vc_row][vc_column width=\u00a0\u00bb1\/4&Prime;][\/vc_column][vc_column width=\u00a0\u00bb1\/4&Prime;][\/vc_column][vc_column width=\u00a0\u00bb1\/4&Prime;][vc_empty_space][\/vc_column][vc_column width=\u00a0\u00bb1\/4&Prime;][\/vc_column][\/vc_row][vc_row][vc_column][vc_column_text animation=\u00a0\u00bbfadeInRight\u00a0\u00bb]Le programme PAD offre une subvention de la ville de Montr\u00e9al aux personnes handicap\u00e9es \u00e0 mobilit\u00e9 r\u00e9duite, souffrant de maladies telles que la scl\u00e9rose en plaques, les accidents vasculaires c\u00e9r\u00e9braux et l&rsquo;amputation de la jambe \/ du bras. Une fois le dossier approuv\u00e9, la ville offre une subvention pour des [&hellip;]<\/p>\n","protected":false},"author":1,"featured_media":0,"parent":0,"menu_order":0,"comment_status":"closed","ping_status":"closed","template":"","meta":{"_coblocks_attr":"","_coblocks_dimensions":"","_coblocks_responsive_height":"","_coblocks_accordion_ie_support":"","inline_featured_image":false,"footnotes":""},"class_list":["post-2916","page","type-page","status-publish","hentry"],"yoast_head":"<!-- This site is optimized with the Yoast SEO plugin v27.6 - https:\/\/yoast.com\/product\/yoast-seo-wordpress\/ -->\n<title>Programme PAD - Walter K Enterprise<\/title>\n<meta name=\"description\" content=\"Le programme PAD offre une subvention de la ville de Montr\u00e9al aux personnes handicap\u00e9es \u00e0 mobilit\u00e9 r\u00e9duite\" \/>\n<meta name=\"robots\" content=\"index, follow, max-snippet:-1, max-image-preview:large, max-video-preview:-1\" \/>\n<link rel=\"canonical\" href=\"https:\/\/walterk.ca\/fr\/programme-pad\/\" \/>\n<meta property=\"og:locale\" content=\"fr_FR\" \/>\n<meta property=\"og:type\" content=\"article\" \/>\n<meta property=\"og:title\" content=\"Programme PAD - Walter K Enterprise\" \/>\n<meta property=\"og:description\" content=\"Le programme PAD offre une subvention de la ville de Montr\u00e9al aux personnes handicap\u00e9es \u00e0 mobilit\u00e9 r\u00e9duite\" \/>\n<meta property=\"og:url\" content=\"https:\/\/walterk.ca\/fr\/programme-pad\/\" \/>\n<meta property=\"og:site_name\" content=\"Walter K Enterprise\" \/>\n<meta property=\"article:publisher\" content=\"https:\/\/www.facebook.com\/WalterKEnterprise\" \/>\n<meta property=\"article:modified_time\" content=\"2021-04-07T13:45:50+00:00\" \/>\n<meta property=\"og:image\" content=\"https:\/\/walterk.ca\/wp-content\/uploads\/2021\/03\/WK_Logo_Black_200.jpg\" \/>\n\t<meta property=\"og:image:width\" content=\"200\" \/>\n\t<meta property=\"og:image:height\" content=\"200\" \/>\n\t<meta property=\"og:image:type\" content=\"image\/jpeg\" \/>\n<meta name=\"twitter:card\" content=\"summary_large_image\" \/>\n<meta name=\"twitter:label1\" content=\"Dur\u00e9e de lecture estim\u00e9e\" \/>\n\t<meta name=\"twitter:data1\" content=\"3 minutes\" \/>\n<script type=\"application\/ld+json\" class=\"yoast-schema-graph\">{\"@context\":\"https:\\\/\\\/schema.org\",\"@graph\":[{\"@type\":\"WebPage\",\"@id\":\"https:\\\/\\\/walterk.ca\\\/fr\\\/programme-pad\\\/\",\"url\":\"https:\\\/\\\/walterk.ca\\\/fr\\\/programme-pad\\\/\",\"name\":\"Programme PAD - Walter K Enterprise\",\"isPartOf\":{\"@id\":\"https:\\\/\\\/walterk.ca\\\/fr\\\/#website\"},\"datePublished\":\"2021-03-19T15:21:22+00:00\",\"dateModified\":\"2021-04-07T13:45:50+00:00\",\"description\":\"Le programme PAD offre une subvention de la ville de Montr\u00e9al aux personnes handicap\u00e9es \u00e0 mobilit\u00e9 r\u00e9duite\",\"breadcrumb\":{\"@id\":\"https:\\\/\\\/walterk.ca\\\/fr\\\/programme-pad\\\/#breadcrumb\"},\"inLanguage\":\"fr-FR\",\"potentialAction\":[{\"@type\":\"ReadAction\",\"target\":[\"https:\\\/\\\/walterk.ca\\\/fr\\\/programme-pad\\\/\"]}]},{\"@type\":\"BreadcrumbList\",\"@id\":\"https:\\\/\\\/walterk.ca\\\/fr\\\/programme-pad\\\/#breadcrumb\",\"itemListElement\":[{\"@type\":\"ListItem\",\"position\":1,\"name\":\"Home\",\"item\":\"https:\\\/\\\/walterk.ca\\\/fr\\\/\"},{\"@type\":\"ListItem\",\"position\":2,\"name\":\"Programme PAD\"}]},{\"@type\":\"WebSite\",\"@id\":\"https:\\\/\\\/walterk.ca\\\/fr\\\/#website\",\"url\":\"https:\\\/\\\/walterk.ca\\\/fr\\\/\",\"name\":\"Walter K Enterprise\",\"description\":\"The specialist of Home Renovation &amp; Interior Remodeling\",\"publisher\":{\"@id\":\"https:\\\/\\\/walterk.ca\\\/fr\\\/#organization\"},\"potentialAction\":[{\"@type\":\"SearchAction\",\"target\":{\"@type\":\"EntryPoint\",\"urlTemplate\":\"https:\\\/\\\/walterk.ca\\\/fr\\\/?s={search_term_string}\"},\"query-input\":{\"@type\":\"PropertyValueSpecification\",\"valueRequired\":true,\"valueName\":\"search_term_string\"}}],\"inLanguage\":\"fr-FR\"},{\"@type\":\"Organization\",\"@id\":\"https:\\\/\\\/walterk.ca\\\/fr\\\/#organization\",\"name\":\"Walter K. Entreprise\",\"url\":\"https:\\\/\\\/walterk.ca\\\/fr\\\/\",\"logo\":{\"@type\":\"ImageObject\",\"inLanguage\":\"fr-FR\",\"@id\":\"https:\\\/\\\/walterk.ca\\\/fr\\\/#\\\/schema\\\/logo\\\/image\\\/\",\"url\":\"https:\\\/\\\/walterk.ca\\\/wp-content\\\/uploads\\\/2021\\\/03\\\/WK_Logo_Black_200.jpg\",\"contentUrl\":\"https:\\\/\\\/walterk.ca\\\/wp-content\\\/uploads\\\/2021\\\/03\\\/WK_Logo_Black_200.jpg\",\"width\":200,\"height\":200,\"caption\":\"Walter K. Entreprise\"},\"image\":{\"@id\":\"https:\\\/\\\/walterk.ca\\\/fr\\\/#\\\/schema\\\/logo\\\/image\\\/\"},\"sameAs\":[\"https:\\\/\\\/www.facebook.com\\\/WalterKEnterprise\"]}]}<\/script>\n<!-- \/ Yoast SEO plugin. -->","yoast_head_json":{"title":"Programme PAD - Walter K Enterprise","description":"Le programme PAD offre une subvention de la ville de Montr\u00e9al aux personnes handicap\u00e9es \u00e0 mobilit\u00e9 r\u00e9duite","robots":{"index":"index","follow":"follow","max-snippet":"max-snippet:-1","max-image-preview":"max-image-preview:large","max-video-preview":"max-video-preview:-1"},"canonical":"https:\/\/walterk.ca\/fr\/programme-pad\/","og_locale":"fr_FR","og_type":"article","og_title":"Programme PAD - Walter K Enterprise","og_description":"Le programme PAD offre une subvention de la ville de Montr\u00e9al aux personnes handicap\u00e9es \u00e0 mobilit\u00e9 r\u00e9duite","og_url":"https:\/\/walterk.ca\/fr\/programme-pad\/","og_site_name":"Walter K Enterprise","article_publisher":"https:\/\/www.facebook.com\/WalterKEnterprise","article_modified_time":"2021-04-07T13:45:50+00:00","og_image":[{"width":200,"height":200,"url":"https:\/\/walterk.ca\/wp-content\/uploads\/2021\/03\/WK_Logo_Black_200.jpg","type":"image\/jpeg"}],"twitter_card":"summary_large_image","twitter_misc":{"Dur\u00e9e de lecture estim\u00e9e":"3 minutes"},"schema":{"@context":"https:\/\/schema.org","@graph":[{"@type":"WebPage","@id":"https:\/\/walterk.ca\/fr\/programme-pad\/","url":"https:\/\/walterk.ca\/fr\/programme-pad\/","name":"Programme PAD - Walter K Enterprise","isPartOf":{"@id":"https:\/\/walterk.ca\/fr\/#website"},"datePublished":"2021-03-19T15:21:22+00:00","dateModified":"2021-04-07T13:45:50+00:00","description":"Le programme PAD offre une subvention de la ville de Montr\u00e9al aux personnes handicap\u00e9es \u00e0 mobilit\u00e9 r\u00e9duite","breadcrumb":{"@id":"https:\/\/walterk.ca\/fr\/programme-pad\/#breadcrumb"},"inLanguage":"fr-FR","potentialAction":[{"@type":"ReadAction","target":["https:\/\/walterk.ca\/fr\/programme-pad\/"]}]},{"@type":"BreadcrumbList","@id":"https:\/\/walterk.ca\/fr\/programme-pad\/#breadcrumb","itemListElement":[{"@type":"ListItem","position":1,"name":"Home","item":"https:\/\/walterk.ca\/fr\/"},{"@type":"ListItem","position":2,"name":"Programme PAD"}]},{"@type":"WebSite","@id":"https:\/\/walterk.ca\/fr\/#website","url":"https:\/\/walterk.ca\/fr\/","name":"Walter K Enterprise","description":"The specialist of Home Renovation &amp; Interior Remodeling","publisher":{"@id":"https:\/\/walterk.ca\/fr\/#organization"},"potentialAction":[{"@type":"SearchAction","target":{"@type":"EntryPoint","urlTemplate":"https:\/\/walterk.ca\/fr\/?s={search_term_string}"},"query-input":{"@type":"PropertyValueSpecification","valueRequired":true,"valueName":"search_term_string"}}],"inLanguage":"fr-FR"},{"@type":"Organization","@id":"https:\/\/walterk.ca\/fr\/#organization","name":"Walter K. Entreprise","url":"https:\/\/walterk.ca\/fr\/","logo":{"@type":"ImageObject","inLanguage":"fr-FR","@id":"https:\/\/walterk.ca\/fr\/#\/schema\/logo\/image\/","url":"https:\/\/walterk.ca\/wp-content\/uploads\/2021\/03\/WK_Logo_Black_200.jpg","contentUrl":"https:\/\/walterk.ca\/wp-content\/uploads\/2021\/03\/WK_Logo_Black_200.jpg","width":200,"height":200,"caption":"Walter K. Entreprise"},"image":{"@id":"https:\/\/walterk.ca\/fr\/#\/schema\/logo\/image\/"},"sameAs":["https:\/\/www.facebook.com\/WalterKEnterprise"]}]}},"_links":{"self":[{"href":"https:\/\/walterk.ca\/fr\/wp-json\/wp\/v2\/pages\/2916","targetHints":{"allow":["GET"]}}],"collection":[{"href":"https:\/\/walterk.ca\/fr\/wp-json\/wp\/v2\/pages"}],"about":[{"href":"https:\/\/walterk.ca\/fr\/wp-json\/wp\/v2\/types\/page"}],"author":[{"embeddable":true,"href":"https:\/\/walterk.ca\/fr\/wp-json\/wp\/v2\/users\/1"}],"replies":[{"embeddable":true,"href":"https:\/\/walterk.ca\/fr\/wp-json\/wp\/v2\/comments?post=2916"}],"version-history":[{"count":26,"href":"https:\/\/walterk.ca\/fr\/wp-json\/wp\/v2\/pages\/2916\/revisions"}],"predecessor-version":[{"id":3479,"href":"https:\/\/walterk.ca\/fr\/wp-json\/wp\/v2\/pages\/2916\/revisions\/3479"}],"wp:attachment":[{"href":"https:\/\/walterk.ca\/fr\/wp-json\/wp\/v2\/media?parent=2916"}],"curies":[{"name":"wp","href":"https:\/\/api.w.org\/{rel}","templated":true}]}}