{"id":2922,"date":"2021-03-19T15:22:46","date_gmt":"2021-03-19T15:22:46","guid":{"rendered":"https:\/\/746.2c9.myftpupload.com\/prestations-de-service\/"},"modified":"2021-04-07T08:58:33","modified_gmt":"2021-04-07T13:58:33","slug":"prestations-de-service","status":"publish","type":"page","link":"https:\/\/walterk.ca\/fr\/prestations-de-service\/","title":{"rendered":"SERVICES"},"content":{"rendered":"<p>[vc_row][vc_column]<h2 class=\"eut-element eut-align-center eut-title-line eut-animated-item eut-fadeInRight\" style=\"\" data-delay=\"200\"><span>Notre expertise<\/span><\/h2>[\/vc_column][\/vc_row][vc_row padding_bottom=\u00a0\u00bb40&Prime;][vc_column][vc_column_text]Nos services couvrent les travaux effectu\u00e9s de la cuisine au sous-sol et de la salle de bain au couloir. Bien que nous travaillions principalement sur des projets d&rsquo;int\u00e9rieur, nous r\u00e9alisons \u00e9galement des patios et des cl\u00f4tures en bois. Notre travail comprend le mur de division, le pl\u00e2tre et la peinture, l&rsquo;installation de c\u00e9ramique et l&rsquo;installation de portes int\u00e9rieures et ext\u00e9rieures.<\/p>\n<p>De plus, depuis 2012, nous desservons la Ville de Montr\u00e9al pour des travaux d&rsquo;adaptation de domicile pour personnes handicap\u00e9es dans le cadre du <a href=\"https:\/\/746.2c9.myftpupload.com\/fr\/programme-pad\/\">programme PAD<\/a>.[\/vc_column_text][\/vc_column][\/vc_row][vc_row][vc_column][vc_column_text]<\/p>\n<h3>Services offerts<\/h3>\n<p>[\/vc_column_text][\/vc_column][\/vc_row][vc_row][vc_column width=\u00a0\u00bb1\/2&Prime;][vc_column_text]<\/p>\n<ul>\n<li>R\u00e9novation du sous-sol<\/li>\n<li>Plomberie de salle de bain<\/li>\n<li>R\u00e9novation de la salle de bain<\/li>\n<li>Installation de baignoire<\/li>\n<li>Plancher de b\u00e9ton, installation de rev\u00eatement de sol en vinyle<\/li>\n<li>Installation sur le comptoir<\/li>\n<li>Nivellement de plancher, plans d&rsquo;\u00e9tage, installation de plancher<\/li>\n<li>Conception accessible aux personnes handicap\u00e9es<\/li>\n<li>Ajouts \u00e0 la maison, extensions de maison, r\u00e9novation de maison, restauration de maison<\/li>\n<li>Plomberie de cuisine, R\u00e9novation de cuisine<\/li>\n<li>Installation de rev\u00eatement de sol stratifi\u00e9, installation de rev\u00eatement de sol en linol\u00e9um,<\/li>\n<li>Installation d&rsquo;\u00e9clairage<\/li>\n<li>Maisons multig\u00e9n\u00e9rationnelles<\/li>\n<li>Construction de cuisine ext\u00e9rieure<\/li>\n<li>Installation de porte de douche, installation de douche<\/li>\n<li>Installation d&rsquo;escaliers, travaux de finition<\/li>\n<\/ul>\n<p>[\/vc_column_text][\/vc_column][vc_column width=\u00a0\u00bb1\/2&Prime;][vc_column_text]<\/p>\n<ul>\n<li>Installation de tuiles<\/li>\n<li>Conception universelle<\/li>\n<li>Installation de vanit\u00e9<\/li>\n<li>Installation de plancher de bois<\/li>\n<li>Rev\u00eatement en aluminium<\/li>\n<li>Restauration de grenier, installation de plinthes, imperm\u00e9abilisation de sous-sol, installation de moulures couronn\u00e9es,<\/li>\n<li>Barres de maison personnalis\u00e9es, maisons personnalis\u00e9es<\/li>\n<li>Construction de ponts, r\u00e9paration de ponts, d\u00e9molition<\/li>\n<li>Installation de cloisons s\u00e8ches, texturation de cloisons s\u00e8ches<\/li>\n<li>Installation de foyer \u00e9lectrique<\/li>\n<li>Installation de la porte ext\u00e9rieure<\/li>\n<li>Installation d&rsquo;isolation<\/li>\n<li>Construction de maisons neuves<\/li>\n<li>Conception et construction de porche<\/li>\n<li>Installation de puits de lumi\u00e8re<\/li>\n<li>Installation de porte coulissante<\/li>\n<\/ul>\n<p>[\/vc_column_text][\/vc_column][\/vc_row][vc_row][vc_column]<div class=\"eut-element eut-hr \" style=\"padding-top: 40px;padding-bottom: 40px;\"><div class=\"eut-line-divider\"><\/div><\/div>[\/vc_column][\/vc_row][vc_row][vc_column][vc_column_text]<\/p>\n<h3>Zones desservies<\/h3>\n<p>[\/vc_column_text][\/vc_column][\/vc_row][vc_row][vc_column width=\u00a0\u00bb1\/2&Prime;][vc_column_text]<\/p>\n<ul>\n<li>Montr\u00e9al, Montr\u00e9al-Ouest<\/li>\n<li>Ahuntsic-Cartierville<\/li>\n<li>Beaconsfield<\/li>\n<li>C\u00f4te-Saint-Luc<\/li>\n<li>Dorval<\/li>\n<li>Hampstead<\/li>\n<li>Lachine<\/li>\n<li>Outremont<\/li>\n<li>Saint-vincent-de-paul<\/li>\n<li>Sainte-anne-de-bellevue<\/li>\n<\/ul>\n<p>[\/vc_column_text][\/vc_column][vc_column width=\u00a0\u00bb1\/2&Prime;][vc_column_text]<\/p>\n<ul>\n<li>Verdun<\/li>\n<li>C\u00f4te-Des-Neiges<\/li>\n<li>Dollard-des-ormeaux<\/li>\n<li>La salle<\/li>\n<li>Laval, Sainte-Doroth\u00e9e, Sainte-rose, Bois-des-filion<\/li>\n<li>Mont-Royal<\/li>\n<li>Pierrefonds-Roxboro<\/li>\n<li>Saint-Laurent<\/li>\n<li>Saint-Laurent<\/li>\n<li>Villeray Saint-Michel-Parc-Ex<\/li>\n<\/ul>\n<p>[\/vc_column_text][\/vc_column][\/vc_row][vc_row][vc_column]<div class=\"eut-element eut-hr \" style=\"padding-top: 40px;padding-bottom: 40px;\"><div class=\"eut-line-divider\"><\/div><\/div>[\/vc_column][\/vc_row][vc_row][vc_column]<h2 class=\"eut-element eut-align-center eut-title-line eut-animated-item eut-fadeInRight\" style=\"margin-bottom: 20px;\" data-delay=\"200\"><span>Projets<\/span><\/h2>[\/vc_column][\/vc_row][vc_row][vc_column width=\u00a0\u00bb1\/2&Prime;]<div class=\"eut-element eut-image-text\" style=\"\">  <div class=\"eut-content eut-align-right\"><h3>Salle de bain<\/h3>  <\/div><div class=\"eut-image\"><img loading=\"lazy\" decoding=\"async\" width=\"1000\" height=\"1000\" src=\"https:\/\/walterk.ca\/wp-content\/uploads\/2021\/03\/129_01_bhtrm_1000x1000.jpg\" class=\"attachment-full size-full\" alt=\"\" srcset=\"https:\/\/walterk.ca\/wp-content\/uploads\/2021\/03\/129_01_bhtrm_1000x1000.jpg 1000w, https:\/\/walterk.ca\/wp-content\/uploads\/2021\/03\/129_01_bhtrm_1000x1000-300x300.jpg 300w, https:\/\/walterk.ca\/wp-content\/uploads\/2021\/03\/129_01_bhtrm_1000x1000-150x150.jpg 150w, https:\/\/walterk.ca\/wp-content\/uploads\/2021\/03\/129_01_bhtrm_1000x1000-768x768.jpg 768w, https:\/\/walterk.ca\/wp-content\/uploads\/2021\/03\/129_01_bhtrm_1000x1000-600x600.jpg 600w\" sizes=\"auto, (max-width: 1000px) 100vw, 1000px\" \/><\/div><\/div>[\/vc_column][vc_column width=\u00a0\u00bb1\/2&Prime;]<div class=\"eut-element eut-image-text\" style=\"\"><div class=\"eut-image\"><img loading=\"lazy\" decoding=\"async\" width=\"1000\" height=\"1000\" src=\"https:\/\/walterk.ca\/wp-content\/uploads\/2021\/04\/Cuisine-e1617803707624.jpeg\" class=\"attachment-full size-full\" alt=\"\" \/><\/div>  <div class=\"eut-content eut-align-left\"><h3>Cuisine<\/h3>  <\/div><\/div>[\/vc_column][\/vc_row][vc_row][vc_column width=\u00a0\u00bb1\/2&Prime;]<div class=\"eut-element eut-image-text\" style=\"\">  <div class=\"eut-content eut-align-right\"><h3>Int\u00e9rieur<\/h3>  <\/div><div class=\"eut-image\"><img loading=\"lazy\" decoding=\"async\" width=\"1000\" height=\"1000\" src=\"https:\/\/walterk.ca\/wp-content\/uploads\/2021\/03\/093-bis_02_strs_1000x1000.jpg\" class=\"attachment-full size-full\" alt=\"\" srcset=\"https:\/\/walterk.ca\/wp-content\/uploads\/2021\/03\/093-bis_02_strs_1000x1000.jpg 1000w, https:\/\/walterk.ca\/wp-content\/uploads\/2021\/03\/093-bis_02_strs_1000x1000-300x300.jpg 300w, https:\/\/walterk.ca\/wp-content\/uploads\/2021\/03\/093-bis_02_strs_1000x1000-150x150.jpg 150w, https:\/\/walterk.ca\/wp-content\/uploads\/2021\/03\/093-bis_02_strs_1000x1000-768x768.jpg 768w, https:\/\/walterk.ca\/wp-content\/uploads\/2021\/03\/093-bis_02_strs_1000x1000-600x600.jpg 600w\" sizes=\"auto, (max-width: 1000px) 100vw, 1000px\" \/><\/div><\/div>[\/vc_column][vc_column width=\u00a0\u00bb1\/2&Prime;]<div class=\"eut-element eut-image-text\" style=\"\"><div class=\"eut-image\"><img loading=\"lazy\" decoding=\"async\" width=\"1000\" height=\"1000\" src=\"https:\/\/walterk.ca\/wp-content\/uploads\/2021\/03\/028_xtrnl_01_1000x1000.jpg\" class=\"attachment-full size-full\" alt=\"\" srcset=\"https:\/\/walterk.ca\/wp-content\/uploads\/2021\/03\/028_xtrnl_01_1000x1000.jpg 1000w, https:\/\/walterk.ca\/wp-content\/uploads\/2021\/03\/028_xtrnl_01_1000x1000-300x300.jpg 300w, https:\/\/walterk.ca\/wp-content\/uploads\/2021\/03\/028_xtrnl_01_1000x1000-150x150.jpg 150w, https:\/\/walterk.ca\/wp-content\/uploads\/2021\/03\/028_xtrnl_01_1000x1000-768x768.jpg 768w, https:\/\/walterk.ca\/wp-content\/uploads\/2021\/03\/028_xtrnl_01_1000x1000-600x600.jpg 600w\" sizes=\"auto, (max-width: 1000px) 100vw, 1000px\" \/><\/div>  <div class=\"eut-content eut-align-left\"><h3>Ext\u00e9rieur<\/h3>  <\/div><\/div>[\/vc_column][\/vc_row][vc_row padding_top=\u00a0\u00bb20&Prime;][vc_column]<div class=\"eut-element eut-align-center eut-animated-item eut-fadeInUp\" data-delay=\"200\"><a class=\"eut-btn eut-btn-medium eut-round eut-bg-primary-1 eut-btn-line\" href=\"https:\/\/746.2c9.myftpupload.com\/gallery\/\" target=\"_self\" style=\"\"><span>Voir plus<\/span><\/a><\/div>[\/vc_column][\/vc_row][vc_row header_feature=\u00a0\u00bbyes\u00a0\u00bb margin_bottom=\u00a0\u00bb0&Prime;][vc_column][vc_empty_space height=\u00a0\u00bb100&Prime;][\/vc_column][\/vc_row]<\/p>\n","protected":false},"excerpt":{"rendered":"<p>[vc_row][vc_column][\/vc_column][\/vc_row][vc_row padding_bottom=\u00a0\u00bb40&Prime;][vc_column][vc_column_text]Nos services couvrent les travaux effectu\u00e9s de la cuisine au sous-sol et de la salle de bain au couloir. Bien que nous travaillions principalement sur des projets d&rsquo;int\u00e9rieur, nous r\u00e9alisons \u00e9galement des patios et des cl\u00f4tures en bois. Notre travail comprend le mur de division, le pl\u00e2tre et la peinture, l&rsquo;installation de c\u00e9ramique et [&hellip;]<\/p>\n","protected":false},"author":1,"featured_media":0,"parent":0,"menu_order":0,"comment_status":"closed","ping_status":"closed","template":"","meta":{"_coblocks_attr":"","_coblocks_dimensions":"","_coblocks_responsive_height":"","_coblocks_accordion_ie_support":"","inline_featured_image":false,"footnotes":""},"class_list":["post-2922","page","type-page","status-publish","hentry"],"yoast_head":"<!-- This site is optimized with the Yoast SEO plugin v27.4 - https:\/\/yoast.com\/product\/yoast-seo-wordpress\/ -->\n<title>SERVICES - Walter K Enterprise<\/title>\n<meta name=\"description\" content=\"Nous offrons une multitude de services Que votre projet soit de grande ou petite ampleur Notre \u00e9quipe est toujours la pour vous aider\" \/>\n<meta name=\"robots\" content=\"index, follow, max-snippet:-1, max-image-preview:large, max-video-preview:-1\" \/>\n<link rel=\"canonical\" href=\"https:\/\/walterk.ca\/fr\/prestations-de-service\/\" \/>\n<meta property=\"og:locale\" content=\"fr_FR\" \/>\n<meta property=\"og:type\" content=\"article\" \/>\n<meta property=\"og:title\" content=\"SERVICES - Walter K Enterprise\" \/>\n<meta property=\"og:description\" content=\"Nous offrons une multitude de services Que votre projet soit de grande ou petite ampleur Notre \u00e9quipe est toujours la pour vous aider\" \/>\n<meta property=\"og:url\" content=\"https:\/\/walterk.ca\/fr\/prestations-de-service\/\" \/>\n<meta property=\"og:site_name\" content=\"Walter K Enterprise\" \/>\n<meta property=\"article:publisher\" content=\"https:\/\/www.facebook.com\/WalterKEnterprise\" \/>\n<meta property=\"article:modified_time\" content=\"2021-04-07T13:58:33+00:00\" \/>\n<meta property=\"og:image\" content=\"https:\/\/walterk.ca\/wp-content\/uploads\/2021\/03\/WK_Logo_Black_200.jpg\" \/>\n\t<meta property=\"og:image:width\" content=\"200\" \/>\n\t<meta property=\"og:image:height\" content=\"200\" \/>\n\t<meta property=\"og:image:type\" content=\"image\/jpeg\" \/>\n<meta name=\"twitter:card\" content=\"summary_large_image\" \/>\n<meta name=\"twitter:label1\" content=\"Dur\u00e9e de lecture estim\u00e9e\" \/>\n\t<meta name=\"twitter:data1\" content=\"3 minutes\" \/>\n<script type=\"application\/ld+json\" class=\"yoast-schema-graph\">{\"@context\":\"https:\\\/\\\/schema.org\",\"@graph\":[{\"@type\":\"WebPage\",\"@id\":\"https:\\\/\\\/walterk.ca\\\/fr\\\/prestations-de-service\\\/\",\"url\":\"https:\\\/\\\/walterk.ca\\\/fr\\\/prestations-de-service\\\/\",\"name\":\"SERVICES - Walter K Enterprise\",\"isPartOf\":{\"@id\":\"https:\\\/\\\/walterk.ca\\\/fr\\\/#website\"},\"datePublished\":\"2021-03-19T15:22:46+00:00\",\"dateModified\":\"2021-04-07T13:58:33+00:00\",\"description\":\"Nous offrons une multitude de services Que votre projet soit de grande ou petite ampleur Notre \u00e9quipe est toujours la pour vous aider\",\"breadcrumb\":{\"@id\":\"https:\\\/\\\/walterk.ca\\\/fr\\\/prestations-de-service\\\/#breadcrumb\"},\"inLanguage\":\"fr-FR\",\"potentialAction\":[{\"@type\":\"ReadAction\",\"target\":[\"https:\\\/\\\/walterk.ca\\\/fr\\\/prestations-de-service\\\/\"]}]},{\"@type\":\"BreadcrumbList\",\"@id\":\"https:\\\/\\\/walterk.ca\\\/fr\\\/prestations-de-service\\\/#breadcrumb\",\"itemListElement\":[{\"@type\":\"ListItem\",\"position\":1,\"name\":\"Home\",\"item\":\"https:\\\/\\\/walterk.ca\\\/fr\\\/\"},{\"@type\":\"ListItem\",\"position\":2,\"name\":\"SERVICES\"}]},{\"@type\":\"WebSite\",\"@id\":\"https:\\\/\\\/walterk.ca\\\/fr\\\/#website\",\"url\":\"https:\\\/\\\/walterk.ca\\\/fr\\\/\",\"name\":\"Walter K Enterprise\",\"description\":\"The specialist of Home Renovation &amp; Interior Remodeling\",\"publisher\":{\"@id\":\"https:\\\/\\\/walterk.ca\\\/fr\\\/#organization\"},\"potentialAction\":[{\"@type\":\"SearchAction\",\"target\":{\"@type\":\"EntryPoint\",\"urlTemplate\":\"https:\\\/\\\/walterk.ca\\\/fr\\\/?s={search_term_string}\"},\"query-input\":{\"@type\":\"PropertyValueSpecification\",\"valueRequired\":true,\"valueName\":\"search_term_string\"}}],\"inLanguage\":\"fr-FR\"},{\"@type\":\"Organization\",\"@id\":\"https:\\\/\\\/walterk.ca\\\/fr\\\/#organization\",\"name\":\"Walter K. Entreprise\",\"url\":\"https:\\\/\\\/walterk.ca\\\/fr\\\/\",\"logo\":{\"@type\":\"ImageObject\",\"inLanguage\":\"fr-FR\",\"@id\":\"https:\\\/\\\/walterk.ca\\\/fr\\\/#\\\/schema\\\/logo\\\/image\\\/\",\"url\":\"https:\\\/\\\/walterk.ca\\\/wp-content\\\/uploads\\\/2021\\\/03\\\/WK_Logo_Black_200.jpg\",\"contentUrl\":\"https:\\\/\\\/walterk.ca\\\/wp-content\\\/uploads\\\/2021\\\/03\\\/WK_Logo_Black_200.jpg\",\"width\":200,\"height\":200,\"caption\":\"Walter K. Entreprise\"},\"image\":{\"@id\":\"https:\\\/\\\/walterk.ca\\\/fr\\\/#\\\/schema\\\/logo\\\/image\\\/\"},\"sameAs\":[\"https:\\\/\\\/www.facebook.com\\\/WalterKEnterprise\"]}]}<\/script>\n<!-- \/ Yoast SEO plugin. -->","yoast_head_json":{"title":"SERVICES - Walter K Enterprise","description":"Nous offrons une multitude de services Que votre projet soit de grande ou petite ampleur Notre \u00e9quipe est toujours la pour vous aider","robots":{"index":"index","follow":"follow","max-snippet":"max-snippet:-1","max-image-preview":"max-image-preview:large","max-video-preview":"max-video-preview:-1"},"canonical":"https:\/\/walterk.ca\/fr\/prestations-de-service\/","og_locale":"fr_FR","og_type":"article","og_title":"SERVICES - Walter K Enterprise","og_description":"Nous offrons une multitude de services Que votre projet soit de grande ou petite ampleur Notre \u00e9quipe est toujours la pour vous aider","og_url":"https:\/\/walterk.ca\/fr\/prestations-de-service\/","og_site_name":"Walter K Enterprise","article_publisher":"https:\/\/www.facebook.com\/WalterKEnterprise","article_modified_time":"2021-04-07T13:58:33+00:00","og_image":[{"width":200,"height":200,"url":"https:\/\/walterk.ca\/wp-content\/uploads\/2021\/03\/WK_Logo_Black_200.jpg","type":"image\/jpeg"}],"twitter_card":"summary_large_image","twitter_misc":{"Dur\u00e9e de lecture estim\u00e9e":"3 minutes"},"schema":{"@context":"https:\/\/schema.org","@graph":[{"@type":"WebPage","@id":"https:\/\/walterk.ca\/fr\/prestations-de-service\/","url":"https:\/\/walterk.ca\/fr\/prestations-de-service\/","name":"SERVICES - Walter K Enterprise","isPartOf":{"@id":"https:\/\/walterk.ca\/fr\/#website"},"datePublished":"2021-03-19T15:22:46+00:00","dateModified":"2021-04-07T13:58:33+00:00","description":"Nous offrons une multitude de services Que votre projet soit de grande ou petite ampleur Notre \u00e9quipe est toujours la pour vous aider","breadcrumb":{"@id":"https:\/\/walterk.ca\/fr\/prestations-de-service\/#breadcrumb"},"inLanguage":"fr-FR","potentialAction":[{"@type":"ReadAction","target":["https:\/\/walterk.ca\/fr\/prestations-de-service\/"]}]},{"@type":"BreadcrumbList","@id":"https:\/\/walterk.ca\/fr\/prestations-de-service\/#breadcrumb","itemListElement":[{"@type":"ListItem","position":1,"name":"Home","item":"https:\/\/walterk.ca\/fr\/"},{"@type":"ListItem","position":2,"name":"SERVICES"}]},{"@type":"WebSite","@id":"https:\/\/walterk.ca\/fr\/#website","url":"https:\/\/walterk.ca\/fr\/","name":"Walter K Enterprise","description":"The specialist of Home Renovation &amp; Interior Remodeling","publisher":{"@id":"https:\/\/walterk.ca\/fr\/#organization"},"potentialAction":[{"@type":"SearchAction","target":{"@type":"EntryPoint","urlTemplate":"https:\/\/walterk.ca\/fr\/?s={search_term_string}"},"query-input":{"@type":"PropertyValueSpecification","valueRequired":true,"valueName":"search_term_string"}}],"inLanguage":"fr-FR"},{"@type":"Organization","@id":"https:\/\/walterk.ca\/fr\/#organization","name":"Walter K. Entreprise","url":"https:\/\/walterk.ca\/fr\/","logo":{"@type":"ImageObject","inLanguage":"fr-FR","@id":"https:\/\/walterk.ca\/fr\/#\/schema\/logo\/image\/","url":"https:\/\/walterk.ca\/wp-content\/uploads\/2021\/03\/WK_Logo_Black_200.jpg","contentUrl":"https:\/\/walterk.ca\/wp-content\/uploads\/2021\/03\/WK_Logo_Black_200.jpg","width":200,"height":200,"caption":"Walter K. Entreprise"},"image":{"@id":"https:\/\/walterk.ca\/fr\/#\/schema\/logo\/image\/"},"sameAs":["https:\/\/www.facebook.com\/WalterKEnterprise"]}]}},"_links":{"self":[{"href":"https:\/\/walterk.ca\/fr\/wp-json\/wp\/v2\/pages\/2922","targetHints":{"allow":["GET"]}}],"collection":[{"href":"https:\/\/walterk.ca\/fr\/wp-json\/wp\/v2\/pages"}],"about":[{"href":"https:\/\/walterk.ca\/fr\/wp-json\/wp\/v2\/types\/page"}],"author":[{"embeddable":true,"href":"https:\/\/walterk.ca\/fr\/wp-json\/wp\/v2\/users\/1"}],"replies":[{"embeddable":true,"href":"https:\/\/walterk.ca\/fr\/wp-json\/wp\/v2\/comments?post=2922"}],"version-history":[{"count":26,"href":"https:\/\/walterk.ca\/fr\/wp-json\/wp\/v2\/pages\/2922\/revisions"}],"predecessor-version":[{"id":3487,"href":"https:\/\/walterk.ca\/fr\/wp-json\/wp\/v2\/pages\/2922\/revisions\/3487"}],"wp:attachment":[{"href":"https:\/\/walterk.ca\/fr\/wp-json\/wp\/v2\/media?parent=2922"}],"curies":[{"name":"wp","href":"https:\/\/api.w.org\/{rel}","templated":true}]}}